{"id":757,"date":"2019-10-21T15:33:24","date_gmt":"2019-10-21T13:33:24","guid":{"rendered":"https:\/\/wp.mkwgmbh.de\/impressum\/"},"modified":"2026-03-26T12:44:33","modified_gmt":"2026-03-26T11:44:33","slug":"impressum","status":"publish","type":"page","link":"https:\/\/mkwgmbh.de\/es\/impressum\/","title":{"rendered":"Huella"},"content":{"rendered":"<div data-elementor-type=\"wp-page\" data-elementor-id=\"757\" class=\"elementor elementor-757\" data-elementor-post-type=\"page\">\n\t\t\t\t\t\t<section class=\"elementor-section elementor-top-section elementor-element elementor-element-0ed56f9 elementor-section-boxed elementor-section-height-default elementor-section-height-default\" data-id=\"0ed56f9\" data-element_type=\"section\" data-e-type=\"section\">\n\t\t\t\t\t\t<div class=\"elementor-container elementor-column-gap-default\">\n\t\t\t\t\t<div class=\"elementor-column elementor-col-100 elementor-top-column elementor-element elementor-element-43655aa\" data-id=\"43655aa\" data-element_type=\"column\" data-e-type=\"column\">\n\t\t\t<div class=\"elementor-widget-wrap elementor-element-populated\">\n\t\t\t\t\t\t<div class=\"elementor-element elementor-element-79a3c26 elementor-widget elementor-widget-text-editor\" data-id=\"79a3c26\" data-element_type=\"widget\" data-e-type=\"widget\" data-widget_type=\"text-editor.default\">\n\t\t\t\t<div class=\"elementor-widget-container\">\n\t\t\t\t\t<span id=\"79a3c26\"><\/span>\t\t\t\t<p>MKW Graphische Maschinen GmbH<br \/>CEO: Dipl.-Ing. (FH) Bernhard Klasen<br \/>Am Weiher 1<br \/>56766 Ulmen<br \/>Alemania<br \/>Correo electr\u00f3nico:\u00a0<a href=\"mailto:info@mkwgmbh.de\">info@mkwgmbh.de<\/a><br \/>Telefonnummer: +49 2676 9305-0<br \/>Registergericht &amp; Registernummer: Amtsgericht Koblenz HRB 5860<br \/>Umsatzsteuer-Identifikationsnummer: DE812451345<\/p><p>Verantwortlich f\u00fcr den Inhalt: Giorgio Cialdella<\/p><p>Plataforma de la Comisi\u00f3n Europea para la resoluci\u00f3n de litigios en l\u00ednea (OS) para los consumidores:\u00a0<a href=\"https:\/\/ec.europa.eu\/consumers\/odr\/\" target=\"_blank\" rel=\"noopener\">https:\/\/ec.europa.eu\/consumers\/odr\/<\/a>. No estamos dispuestos ni obligados a participar en un procedimiento de resoluci\u00f3n de conflictos ante una junta de arbitraje de consumo.<\/p>\t\t\t\t\t\t\t\t<\/div>\n\t\t\t\t<\/div>\n\t\t\t\t\t<\/div>\n\t\t<\/div>\n\t\t\t\t\t<\/div>\n\t\t<\/section>\n\t\t\t\t<\/div>","protected":false},"excerpt":{"rendered":"<p>MKW Graphische Maschinen GmbHGesch\u00e4ftsf\u00fchrer: Dipl.-Ing. (FH) Bernhard KlasenAm Weiher 156766 UlmenDeutschlandE-Mail-Adresse:\u00a0info@mkwgmbh.deTelefonnummer: +49 2676 9305-0Registergericht &amp; Registernummer: Amtsgericht Koblenz&#8230;<\/p>","protected":false},"author":2,"featured_media":0,"parent":0,"menu_order":0,"comment_status":"closed","ping_status":"closed","template":"elementor_header_footer","meta":{"footnotes":""},"class_list":["post-757","page","type-page","status-publish","hentry"],"_links":{"self":[{"href":"https:\/\/mkwgmbh.de\/es\/wp-json\/wp\/v2\/pages\/757","targetHints":{"allow":["GET"]}}],"collection":[{"href":"https:\/\/mkwgmbh.de\/es\/wp-json\/wp\/v2\/pages"}],"about":[{"href":"https:\/\/mkwgmbh.de\/es\/wp-json\/wp\/v2\/types\/page"}],"author":[{"embeddable":true,"href":"https:\/\/mkwgmbh.de\/es\/wp-json\/wp\/v2\/users\/2"}],"replies":[{"embeddable":true,"href":"https:\/\/mkwgmbh.de\/es\/wp-json\/wp\/v2\/comments?post=757"}],"version-history":[{"count":3,"href":"https:\/\/mkwgmbh.de\/es\/wp-json\/wp\/v2\/pages\/757\/revisions"}],"predecessor-version":[{"id":6064,"href":"https:\/\/mkwgmbh.de\/es\/wp-json\/wp\/v2\/pages\/757\/revisions\/6064"}],"wp:attachment":[{"href":"https:\/\/mkwgmbh.de\/es\/wp-json\/wp\/v2\/media?parent=757"}],"curies":[{"name":"wp","href":"https:\/\/api.w.org\/{rel}","templated":true}]}}