{"id":350,"date":"2018-07-28T16:07:51","date_gmt":"2018-07-28T14:07:51","guid":{"rendered":"https:\/\/manufacturer.stylemixthemes.com\/?page_id=350"},"modified":"2024-04-11T16:37:19","modified_gmt":"2024-04-11T14:37:19","slug":"kontakt","status":"publish","type":"page","link":"https:\/\/mkwgmbh.de\/fr\/kontakt\/","title":{"rendered":"Contact"},"content":{"rendered":"<div data-elementor-type=\"wp-post\" data-elementor-id=\"350\" class=\"elementor elementor-350\" data-elementor-post-type=\"page\">\n\t\t\t\t\t\t<section class=\"elementor-section elementor-top-section elementor-element elementor-element-c1153d9 elementor-section-boxed elementor-section-height-default elementor-section-height-default\" data-id=\"c1153d9\" data-element_type=\"section\" data-e-type=\"section\">\n\t\t\t\t\t\t<div class=\"elementor-container elementor-column-gap-default\">\n\t\t\t\t\t<div class=\"elementor-column elementor-col-50 elementor-top-column elementor-element elementor-element-457ea2f elementor-invisible\" data-id=\"457ea2f\" data-element_type=\"column\" data-e-type=\"column\" data-settings=\"{&quot;animation&quot;:&quot;fadeInUp&quot;}\">\n\t\t\t<div class=\"elementor-widget-wrap elementor-element-populated\">\n\t\t\t\t\t\t<div class=\"elementor-element elementor-element-4675044 elementor-widget elementor-widget-heading\" data-id=\"4675044\" data-element_type=\"widget\" data-e-type=\"widget\" data-widget_type=\"heading.default\">\n\t\t\t\t<div class=\"elementor-widget-container\">\n\t\t\t\t\t<h2 class=\"elementor-heading-title elementor-size-default elementor-heading-title\">N'h\u00e9sitez pas \u00e0 nous contacter<\/h2><span id=\"4675044\"><\/span>\t\t\t\t<\/div>\n\t\t\t\t<\/div>\n\t\t\t\t<div class=\"elementor-element elementor-element-725428e elementor-widget elementor-widget-heading\" data-id=\"725428e\" data-element_type=\"widget\" data-e-type=\"widget\" data-widget_type=\"heading.default\">\n\t\t\t\t<div class=\"elementor-widget-container\">\n\t\t\t\t\t<span class=\"elementor-heading-title elementor-size-default elementor-heading-title\"><i class=\"ti-location-pin\"><\/i><span><b>MKW Graphische Maschinen GmbH<\/b><br>Am Weiher 1<\/b>\n<br>56766 Ulmen<\/b>\n<br> Germany<\/span><\/span><span id=\"725428e\"><\/span>\t\t\t\t<\/div>\n\t\t\t\t<\/div>\n\t\t\t\t<div class=\"elementor-element elementor-element-346accf elementor-widget elementor-widget-heading\" data-id=\"346accf\" data-element_type=\"widget\" data-e-type=\"widget\" data-widget_type=\"heading.default\">\n\t\t\t\t<div class=\"elementor-widget-container\">\n\t\t\t\t\t<span class=\"elementor-heading-title elementor-size-default elementor-heading-title\"><i class=\"ti-mobile\"><\/i><span><p><b>T\u00e9l\u00e9phone<\/b><br><a href=\"\/fr\/&\/#116;&#101;l&#58;+&#52;&#57; &#50;6&#55;6&#32;&#57;&#51;05-0\">&#43;49&#32;&#50;676 &#57;&#51;0&#53;&#45;&#48;<\/a><\/p><\/span><\/span><span id=\"346accf\"><\/span>\t\t\t\t<\/div>\n\t\t\t\t<\/div>\n\t\t\t\t<div class=\"elementor-element elementor-element-e0d6484 elementor-widget elementor-widget-heading\" data-id=\"e0d6484\" data-element_type=\"widget\" data-e-type=\"widget\" data-widget_type=\"heading.default\">\n\t\t\t\t<div class=\"elementor-widget-container\">\n\t\t\t\t\t<span class=\"elementor-heading-title elementor-size-default elementor-heading-title\"><i class=\"ti-email\"><\/i><span><b>E-Mail<\/b><br>\n<a href=\"\/fr\/&\/#109;a&#105;&#108;to&#58;i&#110;&#102;o&#64;&#109;&#107;w&#103;mb&#104;.d&#101;\">inf&#111;&#64;&#109;&#107;wg&#109;bh&#46;&#100;&#101;<\/a><\/span><\/span><span id=\"e0d6484\"><\/span>\t\t\t\t<\/div>\n\t\t\t\t<\/div>\n\t\t\t\t<div class=\"elementor-element elementor-element-c3a34d8 elementor-widget elementor-widget-heading\" data-id=\"c3a34d8\" data-element_type=\"widget\" data-e-type=\"widget\" data-widget_type=\"heading.default\">\n\t\t\t\t<div class=\"elementor-widget-container\">\n\t\t\t\t\t<span class=\"elementor-heading-title elementor-size-default elementor-heading-title\"><i class=\"business-rewind-time\"><\/i><span><b>Heures d'ouverture Ulmen<\/b><br>\nDu lundi au vendredi : 08 h 00 \u00e0 17 h 00<\/span><\/span><span id=\"c3a34d8\"><\/span>\t\t\t\t<\/div>\n\t\t\t\t<\/div>\n\t\t\t\t\t<\/div>\n\t\t<\/div>\n\t\t\t\t<div class=\"elementor-column elementor-col-50 elementor-top-column elementor-element elementor-element-3cca13e elementor-invisible\" data-id=\"3cca13e\" data-element_type=\"column\" data-e-type=\"column\" data-settings=\"{&quot;animation_delay&quot;:200,&quot;animation&quot;:&quot;fadeInUp&quot;}\">\n\t\t\t<div class=\"elementor-widget-wrap elementor-element-populated\">\n\t\t\t\t\t\t<div class=\"elementor-element elementor-element-830e318 elementor-widget elementor-widget-shortcode\" data-id=\"830e318\" data-element_type=\"widget\" data-e-type=\"widget\" data-widget_type=\"shortcode.default\">\n\t\t\t\t<div class=\"elementor-widget-container\">\n\t\t\t\t\t<span id=\"830e318\"><\/span>\t\t<div class=\"elementor-shortcode\">\n<div class=\"wpcf7 no-js\" id=\"wpcf7-f2991-o1\" lang=\"en-US\" dir=\"ltr\" data-wpcf7-id=\"2991\">\n<div class=\"screen-reader-response\"><p role=\"status\" aria-live=\"polite\" aria-atomic=\"true\"><\/p> <ul><\/ul><\/div>\n<form action=\"\/fr\/wp-json\/wp\/v2\/pages\/350#wpcf7-f2991-o1\" method=\"post\" class=\"wpcf7-form init\" aria-label=\"Contact form\" novalidate=\"novalidate\" data-status=\"init\" data-trp-original-action=\"\/fr\/wp-json\/wp\/v2\/pages\/350#wpcf7-f2991-o1\">\n<fieldset class=\"hidden-fields-container\"><input type=\"hidden\" name=\"_wpcf7\" value=\"2991\" \/><input type=\"hidden\" name=\"_wpcf7_version\" value=\"6.1.5\" \/><input type=\"hidden\" name=\"_wpcf7_locale\" value=\"en_US\" \/><input type=\"hidden\" name=\"_wpcf7_unit_tag\" value=\"wpcf7-f2991-o1\" \/><input type=\"hidden\" name=\"_wpcf7_container_post\" value=\"0\" \/><input type=\"hidden\" name=\"_wpcf7_posted_data_hash\" value=\"\" \/><input type=\"hidden\" name=\"_wpcf7_recaptcha_response\" value=\"\" \/>\n<\/fieldset>\n<div class=\"row\">\n\t<div class=\"col-md-6\">\n\t\t<p><span class=\"wpcf7-form-control-wrap\" data-name=\"your-name\"><input size=\"40\" maxlength=\"400\" class=\"wpcf7-form-control wpcf7-text wpcf7-validates-as-required\" aria-required=\"true\" aria-invalid=\"false\" placeholder=\"Nom\" value=\"\" type=\"text\" name=\"your-name\" \/><\/span>\n\t\t<\/p>\n\t<\/div>\n\t<div class=\"col-md-6\">\n\t\t<p><span class=\"wpcf7-form-control-wrap\" data-name=\"company\"><input size=\"40\" maxlength=\"400\" class=\"wpcf7-form-control wpcf7-text\" aria-invalid=\"false\" placeholder=\"Entreprise\" value=\"\" type=\"text\" name=\"company\" \/><\/span>\n\t\t<\/p>\n\t<\/div>\n<\/div>\n<div class=\"row\">\n\t<div class=\"col-md-6\">\n\t\t<p><span class=\"wpcf7-form-control-wrap\" data-name=\"mail\"><input size=\"40\" maxlength=\"400\" class=\"wpcf7-form-control wpcf7-text wpcf7-validates-as-required\" aria-required=\"true\" aria-invalid=\"false\" placeholder=\"E-Mail-Addresse\" value=\"\" type=\"text\" name=\"mail\" \/><\/span>\n\t\t<\/p>\n\t<\/div>\n\t<div class=\"col-md-6\">\n\t\t<p><span class=\"wpcf7-form-control-wrap\" data-name=\"phone\"><input size=\"40\" maxlength=\"400\" class=\"wpcf7-form-control wpcf7-text\" aria-invalid=\"false\" placeholder=\"T\u00e9l\u00e9phone\" value=\"\" type=\"text\" name=\"phone\" \/><\/span>\n\t\t<\/p>\n\t<\/div>\n<\/div>\n<div class=\"row\">\n\t<div class=\"col-md-12\">\n\t\t<p><span class=\"wpcf7-form-control-wrap\" data-name=\"Help\"><textarea cols=\"40\" rows=\"10\" maxlength=\"2000\" class=\"wpcf7-form-control wpcf7-textarea\" aria-invalid=\"false\" placeholder=\"Wie k\u00f6nnen wir Ihnen helfen?\" name=\"Help\"><\/textarea><\/span>\n\t\t<\/p>\n\t<\/div>\n<\/div>\n<p><span class=\"wpcf7-form-control-wrap\" data-name=\"acceptance-338\"><span class=\"wpcf7-form-control wpcf7-acceptance\"><span class=\"wpcf7-list-item\"><label><input type=\"checkbox\" name=\"acceptance-338\" value=\"1\" aria-invalid=\"false\" \/><span class=\"wpcf7-list-item-label\">En soumettant ce formulaire, vous acceptez la <a href=\"https:\/\/mkwgmbh.de\/fr\/datenschutzvereinbarung\/\" target=\"_blank\" rel=\"noopener\" style=\"color:blue;\">politique de confidentialit\u00e9<\/a><\/span><\/label><\/span><\/span><\/span><br \/>\n<input class=\"wpcf7-form-control wpcf7-submit has-spinner\" type=\"submit\" value=\"envoyer\" \/>\n<\/p><div class=\"wpcf7-response-output\" aria-hidden=\"true\"><\/div>\n<input type=\"hidden\" name=\"trp-form-language\" value=\"fr\"\/><\/form>\n<\/div>\n<\/div>\n\t\t\t\t\t\t<\/div>\n\t\t\t\t<\/div>\n\t\t\t\t\t<\/div>\n\t\t<\/div>\n\t\t\t\t\t<\/div>\n\t\t<\/section>\n\t\t\t\t<section class=\"elementor-section elementor-top-section elementor-element elementor-element-f01c09d elementor-section-boxed elementor-section-height-default elementor-section-height-default\" data-id=\"f01c09d\" data-element_type=\"section\" data-e-type=\"section\">\n\t\t\t\t\t\t<div class=\"elementor-container elementor-column-gap-default\">\n\t\t\t\t\t<div class=\"elementor-column elementor-col-100 elementor-top-column elementor-element elementor-element-36e85d7\" data-id=\"36e85d7\" data-element_type=\"column\" data-e-type=\"column\">\n\t\t\t<div class=\"elementor-widget-wrap elementor-element-populated\">\n\t\t\t\t\t\t<div class=\"elementor-element elementor-element-19e5d4e elementor-widget elementor-widget-heading\" data-id=\"19e5d4e\" data-element_type=\"widget\" data-e-type=\"widget\" data-widget_type=\"heading.default\">\n\t\t\t\t<div class=\"elementor-widget-container\">\n\t\t\t\t\t<h2 class=\"elementor-heading-title elementor-size-default elementor-heading-title elementor-align-after-center\">Vous nous trouverez ici<\/h2><span id=\"19e5d4e\"><\/span>\t\t\t\t<\/div>\n\t\t\t\t<\/div>\n\t\t\t\t\t<\/div>\n\t\t<\/div>\n\t\t\t\t\t<\/div>\n\t\t<\/section>\n\t\t\t\t<section class=\"elementor-section elementor-top-section elementor-element elementor-element-f9362a8 elementor-section-boxed elementor-section-height-default elementor-section-height-default\" data-id=\"f9362a8\" data-element_type=\"section\" data-e-type=\"section\">\n\t\t\t\t\t\t<div class=\"elementor-container elementor-column-gap-default\">\n\t\t\t\t\t<div class=\"elementor-column elementor-col-100 elementor-top-column elementor-element elementor-element-93b4561 elementor-invisible\" data-id=\"93b4561\" data-element_type=\"column\" data-e-type=\"column\" data-settings=\"{&quot;animation&quot;:&quot;fadeInUp&quot;}\">\n\t\t\t<div class=\"elementor-widget-wrap elementor-element-populated\">\n\t\t\t\t\t\t<div class=\"elementor-element elementor-element-8ad361c elementor-widget elementor-widget-google_maps\" data-id=\"8ad361c\" data-element_type=\"widget\" data-e-type=\"widget\" data-widget_type=\"google_maps.default\">\n\t\t\t\t<div class=\"elementor-widget-container\">\n\t\t\t\t\t<div style=\"max-height: 700px; overflow: hidden;\"><img fetchpriority=\"high\" decoding=\"async\" width=\"1200\" height=\"800\" src=\"https:\/\/mkwgmbh.de\/wp-content\/uploads\/2021\/08\/MKW-Gebaeude-IMG_0991-CPP-05-2017-web.jpg\" class=\"attachment-1920x9999 size-1920x9999\" alt=\"\" srcset=\"https:\/\/mkwgmbh.de\/wp-content\/uploads\/2021\/08\/MKW-Gebaeude-IMG_0991-CPP-05-2017-web.jpg 1200w, https:\/\/mkwgmbh.de\/wp-content\/uploads\/2021\/08\/MKW-Gebaeude-IMG_0991-CPP-05-2017-web-150x100.jpg 150w, https:\/\/mkwgmbh.de\/wp-content\/uploads\/2021\/08\/MKW-Gebaeude-IMG_0991-CPP-05-2017-web-660x440.jpg 660w, https:\/\/mkwgmbh.de\/wp-content\/uploads\/2021\/08\/MKW-Gebaeude-IMG_0991-CPP-05-2017-web-500x333.jpg 500w, https:\/\/mkwgmbh.de\/wp-content\/uploads\/2021\/08\/MKW-Gebaeude-IMG_0991-CPP-05-2017-web-768x512.jpg 768w, https:\/\/mkwgmbh.de\/wp-content\/uploads\/2021\/08\/MKW-Gebaeude-IMG_0991-CPP-05-2017-web-18x12.jpg 18w, https:\/\/mkwgmbh.de\/wp-content\/uploads\/2021\/08\/MKW-Gebaeude-IMG_0991-CPP-05-2017-web-285x190.jpg 285w\" sizes=\"(max-width: 1200px) 100vw, 1200px\" \/><button class=\"maps_placeholder_btn\"><i class=\"fa fa-map-signs\"><\/i><\/button><\/div><div class=\"maps_hover_text\"><span class=\"hover_close\"><i class=\"fa fa-times-circle\"><\/i><\/span>Afficher la carte Google ?<br \/>\r\n<br \/>\r\nSi vous voulez voir la carte Google Map int\u00e9gr\u00e9e sur ce site, les donn\u00e9es personnelles (adresse IP) seront envoy\u00e9es \u00e0 Google. Il est donc possible que votre acc\u00e8s au site soit suivi par Google.<br \/>\r\n<br \/>\r\nLorsque vous cliquez sur le lien ci-dessous, un cookie est plac\u00e9 sur votre ordinateur pour permettre \u00e0 ce site Web d'afficher Google Maps dans votre navigateur. Le cookie ne stocke aucune donn\u00e9e personnelle, il se souvient seulement que vous avez accept\u00e9 d'afficher la carte.<br \/><br \/>M\u00e1s informaci\u00f3n sobre este aspecto de la configuraci\u00f3n de la privacidad en esta p\u00e1gina: <a href=\"https:\/\/mkwgmbh.de\/datenschutzvereinbarungen\/\">Datenschutzerkl\u00e4rung<\/a><br \/><br \/><a href=\"https:\/\/mkwgmbh.de\/es\/kontakt\/?_wpnonce=ffa4a93408&setcookie_allow_maps=true&id=350&scrollto=8ad361c\" data-no-translation=\"\" data-trp-gettext=\"\">Mostrar Maps<\/a><br \/><br \/>Tambi\u00e9n puede utilizar este enlace para ir directamente a Google Maps: <a href=\"https:\/\/www.google.com\/maps\/place\/MKW+Graphische+Maschinen+GmbH+Am+Weiher+1+56766+Ulmen+%2F+Germany\">MKW Graphische Maschinen GmbH Am Weiher 1 56766 Ulmen \/ Germany<\/a><\/div>\t\t\t\t<\/div>\n\t\t\t\t<\/div>\n\t\t\t\t\t<\/div>\n\t\t<\/div>\n\t\t\t\t\t<\/div>\n\t\t<\/section>\n\t\t\t\t<\/div>","protected":false},"excerpt":{"rendered":"<p>Kontaktieren Sie uns gerne MKW Graphische Maschinen GmbHAm Weiher 1 56766 Ulmen Germany Telefon E-Mail \u00d6ffnungszeiten Ulmen Mo&#8230;.<\/p>","protected":false},"author":2,"featured_media":0,"parent":0,"menu_order":0,"comment_status":"closed","ping_status":"closed","template":"elementor_header_footer","meta":{"footnotes":""},"class_list":["post-350","page","type-page","status-publish","hentry"],"_links":{"self":[{"href":"https:\/\/mkwgmbh.de\/fr\/wp-json\/wp\/v2\/pages\/350","targetHints":{"allow":["GET"]}}],"collection":[{"href":"https:\/\/mkwgmbh.de\/fr\/wp-json\/wp\/v2\/pages"}],"about":[{"href":"https:\/\/mkwgmbh.de\/fr\/wp-json\/wp\/v2\/types\/page"}],"author":[{"embeddable":true,"href":"https:\/\/mkwgmbh.de\/fr\/wp-json\/wp\/v2\/users\/2"}],"replies":[{"embeddable":true,"href":"https:\/\/mkwgmbh.de\/fr\/wp-json\/wp\/v2\/comments?post=350"}],"version-history":[{"count":0,"href":"https:\/\/mkwgmbh.de\/fr\/wp-json\/wp\/v2\/pages\/350\/revisions"}],"wp:attachment":[{"href":"https:\/\/mkwgmbh.de\/fr\/wp-json\/wp\/v2\/media?parent=350"}],"curies":[{"name":"wp","href":"https:\/\/api.w.org\/{rel}","templated":true}]}}